{"id":205,"date":"2016-09-21T11:42:55","date_gmt":"2016-09-21T09:42:55","guid":{"rendered":"http:\/\/s522995821.online.de\/ferienwohnungen\/?lang=nl"},"modified":"2026-03-17T12:26:41","modified_gmt":"2026-03-17T11:26:41","slug":"appartementen","status":"publish","type":"page","link":"https:\/\/www.hof-hollwege.de\/nl\/appartementen\/","title":{"rendered":"Appartementen"},"content":{"rendered":"<div class=\"su-pullquote su-pullquote-align-right\"> <strong>Aankomst van 15 uur tot 19 uur of op afspraak<\/strong> <\/div>\n<h2>Hier vindt u ontspanning, rust en plezier<\/h2>\n<div class=\"su-list\" style=\"margin-left:0px\">\n<ul>\n<li><i class=\"sui sui-sign-out\" style=\"color:#333\"><\/i> In het mooiste gedeelte van Oldenburg, direct aan het natuurreservaat, met fietspaden en wandelroutes hebben we voor U (momenteel) 5 comfortabele appartementen, waarvan \u00e9\u00e9n de &#8220;L\u00fctje Deel&#8221; toegankelijk voor rolstoelgebruikers is.<\/li>\n<li><i class=\"sui sui-sign-out\" style=\"color:#333\"><\/i> Alle appartementen zijn voorzien van een moderne badkamer, douche en toilet. Sommigen van hen hebben een eigen terras en toegang tot de tuin met stille zithoeken. Voor de kinderen is er een grote extra ruimte met zandbak, glijbanen, schommels en trampoline. Hier zijn ook de konijn- en geiten omheiningen. Geniet van het prachtige uitzicht op de weilanden, velden met paarden, koeien, schapen, herten en vogels.<\/li>\n<li><i class=\"sui sui-sign-out\" style=\"color:#333\"><\/i> In onze mooie omgeving met oude boerderijen zijn een aantal goede restaurants en een supermarkt, een bakkerij met Cafe&#8217;- alles is op loopafstand.<\/li>\n<li><i class=\"sui sui-sign-out\" style=\"color:#333\"><\/i> We hebben geen vaste ontbijt, alles wat je nodig hebt, kun je koken in hun keuken. Supermarkt en bakker in de buurt. Dus je bent heerlijk vrij.<\/li>\n<li><i class=\"sui sui-sign-out\" style=\"color:#333\"><\/i> Als gastheer van Oldenburg kunnen we veel over onze mooie stad vertellen.<\/li>\n<li><i class=\"sui sui-sign-out\" style=\"color:#333\"><\/i> Fietsen zijn gratis beschikbaar. Fietsen voor gehandicapte kunnen worden geleend bij het centraal station.<\/li>\n<li><i class=\"sui sui-sign-out\" style=\"color:#333\"><\/i> Door de nabijheid van het centrum (ongeveer 3,5 km, een bushalte ligt op ongeveer 300 meter afstand) voorzieningen, zoals musea, theaters en andere culturele evenementen kunnen eenvoudig worden bereikt. Afstanden: het station en het buitenbad 2,5 km; Lake 4 km; Overdekt zwembad 5 km; Winkels, dokter, apotheek 1 km; Ziekenhuis 3,5 km, 7 km dialyse; Noordzeekust op 40 km afstand.<\/li>\n<\/ul>\n<\/div>\n<h2>Details<\/h2>\n<div class=\"su-list\" style=\"margin-left:0px\">\n<ul>\n<li><i class=\"sui sui-sign-out\" style=\"color:#333\"><\/i> Onze (momenteel) 5 appartementen voor 2-6 personen vanaf 45 m\u00b2 tot 83 m\u00b2 laten niets te wensen over.<\/li>\n<li><i class=\"sui sui-sign-out\" style=\"color:#333\"><\/i> Alle appartementen zijn volledig uitgerust met telefoon, televisie (incl. DVD), een radio, een magnetron, een kleine keuken, servies en alles wat daarbij hoort.<\/li>\n<li><i class=\"sui sui-sign-out\" style=\"color:#333\"><\/i> Internet-gebruik is mogelijk via een analoge modem of WLAN.<\/li>\n<li><i class=\"sui sui-sign-out\" style=\"color:#333\"><\/i> <strong>De appartementen kunnen voor drie nachten of meer geboekt worden. Dit geldt ook voor alle extra personen.<\/strong><\/li>\n<li><i class=\"sui sui-sign-out\" style=\"color:#333\"><\/i> Helaas kunnen huisdieren niet worden gebracht.<\/li>\n<li><i class=\"sui sui-sign-out\" style=\"color:#333\"><\/i> Alle appartementen zijn niet roken appartementen (U kunnt in div. zithoeken of op te terrassen roken).<\/li>\n<li><i class=\"sui sui-sign-out\" style=\"color:#333\"><\/i> Allergie vriendelijk.<\/li>\n<\/ul>\n<\/div>\n<h2>Gratis service op aanvraag<\/h2>\n<div class=\"su-list\" style=\"margin-left:0px\">\n<ul>\n<li><i class=\"sui sui-sign-out\" style=\"color:#333\"><\/i> Extra dekens, kussens.<\/li>\n<li><i class=\"sui sui-sign-out\" style=\"color:#333\"><\/i> Ophalen bij het treinstation (na voorafgaande afspraak).<\/li>\n<li><i class=\"sui sui-sign-out\" style=\"color:#333\"><\/i> Fietsen.<\/li>\n<li><i class=\"sui sui-sign-out\" style=\"color:#333\"><\/i> Beddengoed, handdoeken, het gebruik van de tuin.<\/li>\n<li><i class=\"sui sui-sign-out\" style=\"color:#333\"><\/i> In de kamer koffie, thee, water, TV.<\/li>\n<\/ul>\n<\/div>\n<h2>Prijzen vanaf 01.01.2026<\/h2>\n<div class=\"su-list\" style=\"margin-left:0px\">\n<ul>\n<li><i class=\"sui sui-sign-out\" style=\"color:#333\"><\/i> <strong>Prijzen incl. Reiniging volgens de <a href=\"https:\/\/www.hof-hollwege.de\/wp-content\/uploads\/2025\/06\/preistafel-ferienhof-hollwege-ab-2026.pdf\">prijslijst<\/a>, geldig vanaf 01.01.2026.<\/strong><\/li>\n<li><i class=\"sui sui-sign-out\" style=\"color:#333\"><\/i> Incl. alle nutsvoorzieningen (met uitzondering van telefoon kosten), evenals beddengoed en handdoeken.<\/li>\n<li><i class=\"sui sui-sign-out\" style=\"color:#333\"><\/i> Aankomst van 15 uur tot 19 uur of op afspraak.<\/li>\n<li><i class=\"sui sui-sign-out\" style=\"color:#333\"><\/i> Vertrek uiterlijk om 10 uur, daarna per uur of gedeelte daarvan 10, &#8211; \u20ac.<\/li>\n<\/ul>\n<\/div>\n<h2>Appartementen<\/h2>\n<div style=\"border-top: 1px solid #ddd; border-bottom: 1px solid #ddd; padding: 10px 0 10px 0;\">\u00bb <a href=\"https:\/\/www.hof-hollwege.de\/ferienwohnungen\/ferienwohnung-hunteblick\/\">Hunteblick, Uitzicht op de natuurgebied van de rivier &#8220;Hunte&#8221;<\/a> <\/div>\n<div style=\"border-top: 0px solid #ddd; border-bottom: 1px solid #ddd; padding: 10px 0 10px 0;\">\u00bb <a href=\"https:\/\/www.hof-hollwege.de\/ferienwohnungen\/ferienwohnungen-sommergarten-eichenblick\/\">Sommergarten &amp; Eichenblick, Zomertuin &#038; Uitzicht op de eiken<\/a><\/div>\n<div style=\"border-top: 0px solid #ddd; border-bottom: 1px solid #ddd; padding: 10px 0 10px 0;\">\u00bb <a href=\"https:\/\/www.hof-hollwege.de\/ferienwohnungen\/ferienwohnung-gode-stuv\/\">Gode Stuv, Mooi woonkamer<\/a><\/div>\n<div style=\"border-top: 0px solid #ddd; border-bottom: 1px solid #ddd; padding: 10px 0 10px 0; margin-bottom: 20px;\">\u00bb <a href=\"https:\/\/www.hof-hollwege.de\/ferienwohnungen\/ferienwohnung-luetje-deel\/\">L\u00fctje Deel, Kleine hall<\/a> <\/div>\n","protected":false},"excerpt":{"rendered":"<p>Hier vindt u ontspanning, rust en plezier Details Gratis service op aanvraag Prijzen vanaf 01.01.2026 Appartementen \u00bb Hunteblick, Uitzicht op de natuurgebied van de rivier &#8220;Hunte&#8221; \u00bb Sommergarten &amp; Eichenblick, Zomertuin &#038; Uitzicht op de eiken \u00bb Gode Stuv, Mooi woonkamer \u00bb L\u00fctje Deel, Kleine hall<\/p>\n","protected":false},"author":2,"featured_media":0,"parent":0,"menu_order":2,"comment_status":"closed","ping_status":"closed","template":"","meta":{"generate_page_header":"","footnotes":""},"class_list":["post-205","page","type-page","status-publish"],"_links":{"self":[{"href":"https:\/\/www.hof-hollwege.de\/nl\/wp-json\/wp\/v2\/pages\/205","targetHints":{"allow":["GET"]}}],"collection":[{"href":"https:\/\/www.hof-hollwege.de\/nl\/wp-json\/wp\/v2\/pages"}],"about":[{"href":"https:\/\/www.hof-hollwege.de\/nl\/wp-json\/wp\/v2\/types\/page"}],"author":[{"embeddable":true,"href":"https:\/\/www.hof-hollwege.de\/nl\/wp-json\/wp\/v2\/users\/2"}],"replies":[{"embeddable":true,"href":"https:\/\/www.hof-hollwege.de\/nl\/wp-json\/wp\/v2\/comments?post=205"}],"version-history":[{"count":5,"href":"https:\/\/www.hof-hollwege.de\/nl\/wp-json\/wp\/v2\/pages\/205\/revisions"}],"predecessor-version":[{"id":6974,"href":"https:\/\/www.hof-hollwege.de\/nl\/wp-json\/wp\/v2\/pages\/205\/revisions\/6974"}],"wp:attachment":[{"href":"https:\/\/www.hof-hollwege.de\/nl\/wp-json\/wp\/v2\/media?parent=205"}],"curies":[{"name":"wp","href":"https:\/\/api.w.org\/{rel}","templated":true}]}}